{"id":2066,"date":"2026-05-03T11:57:54","date_gmt":"2026-05-03T11:57:54","guid":{"rendered":"https:\/\/kullnat.de\/?page_id=2066"},"modified":"2026-05-03T11:57:54","modified_gmt":"2026-05-03T11:57:54","slug":"grossformate-fuer-ihre-wand","status":"publish","type":"page","link":"https:\/\/kullnat.de\/?page_id=2066","title":{"rendered":"Gro\u00dfformate f\u00fcr Ihre Wand"},"content":{"rendered":"\n<p>Hier sind ein paar Beispiele f\u00fcr Bilder, die sich gut als gro\u00dfformatige Drucke an Ihrer machen w\u00fcrden. <\/p>\n\n\n\n<p>Schauen Sie ruhig \u00f6fter mal vorbei f\u00fcr Updates.<\/p>\n\n\n\n<p>Sollten Sie etwas spezielles Suchen, dann sprechen Sie mich an. In meinem Archiv gibt es noch viel mehr zu entdecken und wenn das nicht reicht, dann mache ich nat\u00fcrlich auch gerne etwas Neues speziell f\u00fcr Sie.<\/p>\n\n\n<style type=\"text\/css\">\n#foogallery-gallery-2065 .fg-image { width: 320px; }\n#foogallery-gallery-2065 { --fg-gutter: 10px; }<\/style>\n\t\t\t<div class=\"foogallery foogallery-container foogallery-default foogallery-lightbox-foogallery fg-center fg-default fg-ready fg-dark fg-shadow-medium fg-loading-default fg-loaded-fade-in fg-preset fg-brad fg-preset-small fg-preset fg-brad fg-preset-small\" id=\"foogallery-gallery-2065\" data-foogallery=\"{&quot;panel&quot;:{&quot;buttons&quot;:{&quot;download&quot;:false}},&quot;item&quot;:{&quot;showCaptionTitle&quot;:true,&quot;showCaptionDescription&quot;:true},&quot;lazy&quot;:true}\" data-foogallery-lightbox=\"{&quot;thumbs&quot;:&quot;bottom&quot;,&quot;thumbsCaptions&quot;:false,&quot;thumbsBestFit&quot;:false,&quot;thumbsSmall&quot;:false,&quot;thumbsCaptionsAlign&quot;:&quot;default&quot;,&quot;info&quot;:&quot;bottom&quot;,&quot;infoVisible&quot;:true,&quot;infoOverlay&quot;:true,&quot;infoAlign&quot;:&quot;default&quot;,&quot;transition&quot;:&quot;fade&quot;,&quot;hoverButtons&quot;:false,&quot;fitMedia&quot;:false,&quot;noScrollbars&quot;:true,&quot;preserveButtonSpace&quot;:true,&quot;buttons&quot;:{&quot;fullscreen&quot;:true,&quot;info&quot;:true,&quot;thumbs&quot;:false,&quot;download&quot;:false},&quot;video&quot;:{&quot;autoPlay&quot;:true}}\" style=\"--fg-title-line-clamp: 1; --fg-description-line-clamp: 2;\" >\n\t<div class=\"fg-item fg-type-image fg-idle\"><figure class=\"fg-item-inner\"><a href=\"https:\/\/kullnat.de\/wp-content\/uploads\/2023\/04\/BKF1205-scaled.jpg\" data-caption-desc=\"Es kann losgehen...\" data-attachment-id=\"1135\" data-type=\"image\" class=\"fg-thumb\"><span class=\"fg-image-wrap\"><img fetchpriority=\"high\" decoding=\"async\" alt=\"Es kann losgehen...\" width=\"320\" height=\"240\" class=\"skip-lazy fg-image\" data-src-fg=\"https:\/\/kullnat.de\/wp-content\/uploads\/cache\/2023\/04\/BKF1205-scaled\/3815831254.jpg\" src=\"data:image\/svg+xml,%3Csvg%20xmlns%3D%22http%3A%2F%2Fwww.w3.org%2F2000%2Fsvg%22%20width%3D%22320%22%20height%3D%22240%22%20viewBox%3D%220%200%20320%20240%22%3E%3C%2Fsvg%3E\" loading=\"eager\"><\/span><span class=\"fg-image-overlay\"><\/span><\/a><figcaption class=\"fg-caption\"><div class=\"fg-caption-inner\"><div class=\"fg-caption-desc\">Es kann losgehen&#8230;<\/div><\/div><\/figcaption><\/figure><div class=\"fg-loader\"><\/div><\/div><div class=\"fg-item fg-type-image fg-idle\"><figure class=\"fg-item-inner\"><a href=\"https:\/\/kullnat.de\/wp-content\/uploads\/2025\/02\/MG_0283.jpg\" data-caption-desc=\"Viel Wasser, wenig Boote\" data-attachment-id=\"1670\" data-type=\"image\" class=\"fg-thumb\"><span class=\"fg-image-wrap\"><img decoding=\"async\" alt=\"Viel Wasser, wenig Boote\" width=\"320\" height=\"240\" class=\"skip-lazy fg-image\" data-src-fg=\"https:\/\/kullnat.de\/wp-content\/uploads\/cache\/2025\/02\/MG_0283\/3411429550.jpg\" src=\"data:image\/svg+xml,%3Csvg%20xmlns%3D%22http%3A%2F%2Fwww.w3.org%2F2000%2Fsvg%22%20width%3D%22320%22%20height%3D%22240%22%20viewBox%3D%220%200%20320%20240%22%3E%3C%2Fsvg%3E\" loading=\"eager\"><\/span><span class=\"fg-image-overlay\"><\/span><\/a><figcaption class=\"fg-caption\"><div class=\"fg-caption-inner\"><div class=\"fg-caption-desc\">Viel Wasser, wenig Boote<\/div><\/div><\/figcaption><\/figure><div class=\"fg-loader\"><\/div><\/div><div class=\"fg-item fg-type-image fg-idle\"><figure class=\"fg-item-inner\"><a href=\"https:\/\/kullnat.de\/wp-content\/uploads\/2025\/11\/2R66894.jpg\" data-attachment-id=\"1835\" data-type=\"image\" class=\"fg-thumb\"><span class=\"fg-image-wrap\"><img decoding=\"async\" width=\"320\" height=\"240\" class=\"skip-lazy fg-image\" data-src-fg=\"https:\/\/kullnat.de\/wp-content\/uploads\/cache\/2025\/11\/2R66894\/589425498.jpg\" src=\"data:image\/svg+xml,%3Csvg%20xmlns%3D%22http%3A%2F%2Fwww.w3.org%2F2000%2Fsvg%22%20width%3D%22320%22%20height%3D%22240%22%20viewBox%3D%220%200%20320%20240%22%3E%3C%2Fsvg%3E\" loading=\"eager\"><\/span><span class=\"fg-image-overlay\"><\/span><\/a><\/figure><div class=\"fg-loader\"><\/div><\/div><div class=\"fg-item fg-type-image fg-idle\"><figure class=\"fg-item-inner\"><a href=\"https:\/\/kullnat.de\/wp-content\/uploads\/2025\/07\/KR62274-scaled.jpg\" data-caption-desc=\"Ausfl\u00fcge in die Nachbarschaft\" data-attachment-id=\"1764\" data-type=\"image\" class=\"fg-thumb\"><span class=\"fg-image-wrap\"><img decoding=\"async\" alt=\"Ausfl\u00fcge in die Nachbarschaft\" width=\"320\" height=\"240\" class=\"skip-lazy fg-image\" data-src-fg=\"https:\/\/kullnat.de\/wp-content\/uploads\/cache\/2025\/07\/KR62274-scaled\/1697030611.jpg\" src=\"data:image\/svg+xml,%3Csvg%20xmlns%3D%22http%3A%2F%2Fwww.w3.org%2F2000%2Fsvg%22%20width%3D%22320%22%20height%3D%22240%22%20viewBox%3D%220%200%20320%20240%22%3E%3C%2Fsvg%3E\" loading=\"eager\"><\/span><span class=\"fg-image-overlay\"><\/span><\/a><figcaption class=\"fg-caption\"><div class=\"fg-caption-inner\"><div class=\"fg-caption-desc\">Ausfl\u00fcge in die Nachbarschaft<\/div><\/div><\/figcaption><\/figure><div class=\"fg-loader\"><\/div><\/div><div class=\"fg-item fg-type-image fg-idle\"><figure class=\"fg-item-inner\"><a href=\"https:\/\/kullnat.de\/wp-content\/uploads\/2023\/11\/K107645-2.jpg\" data-caption-desc=\"Wolken und Wasser\" data-attachment-id=\"1331\" data-type=\"image\" class=\"fg-thumb\"><span class=\"fg-image-wrap\"><img decoding=\"async\" alt=\"Wolken und Wasser\" width=\"320\" height=\"240\" class=\"skip-lazy fg-image\" data-src-fg=\"https:\/\/kullnat.de\/wp-content\/uploads\/cache\/2023\/11\/K107645-2\/2323248830.jpg\" src=\"data:image\/svg+xml,%3Csvg%20xmlns%3D%22http%3A%2F%2Fwww.w3.org%2F2000%2Fsvg%22%20width%3D%22320%22%20height%3D%22240%22%20viewBox%3D%220%200%20320%20240%22%3E%3C%2Fsvg%3E\" loading=\"eager\"><\/span><span class=\"fg-image-overlay\"><\/span><\/a><figcaption class=\"fg-caption\"><div class=\"fg-caption-inner\"><div class=\"fg-caption-desc\">Wolken und Wasser<\/div><\/div><\/figcaption><\/figure><div class=\"fg-loader\"><\/div><\/div><div class=\"fg-item fg-type-image fg-idle\"><figure class=\"fg-item-inner\"><a href=\"https:\/\/kullnat.de\/wp-content\/uploads\/2024\/10\/MG_0167.jpg\" data-caption-desc=\"Die Welt ist rund\" data-attachment-id=\"1586\" data-type=\"image\" class=\"fg-thumb\"><span class=\"fg-image-wrap\"><img decoding=\"async\" alt=\"Die Welt ist rund\" width=\"320\" height=\"240\" class=\"skip-lazy fg-image\" data-src-fg=\"https:\/\/kullnat.de\/wp-content\/uploads\/cache\/2024\/10\/MG_0167\/2815230741.jpg\" src=\"data:image\/svg+xml,%3Csvg%20xmlns%3D%22http%3A%2F%2Fwww.w3.org%2F2000%2Fsvg%22%20width%3D%22320%22%20height%3D%22240%22%20viewBox%3D%220%200%20320%20240%22%3E%3C%2Fsvg%3E\" loading=\"eager\"><\/span><span class=\"fg-image-overlay\"><\/span><\/a><figcaption class=\"fg-caption\"><div class=\"fg-caption-inner\"><div class=\"fg-caption-desc\">Die Welt ist rund<\/div><\/div><\/figcaption><\/figure><div class=\"fg-loader\"><\/div><\/div><div class=\"fg-item fg-type-image fg-idle\"><figure class=\"fg-item-inner\"><a href=\"https:\/\/kullnat.de\/wp-content\/uploads\/2022\/06\/BK11942.jpg\" data-caption-desc=\"Was kuttert denn da?\" data-attachment-id=\"935\" data-type=\"image\" class=\"fg-thumb\"><span class=\"fg-image-wrap\"><img decoding=\"async\" alt=\"Was kuttert denn da?\" width=\"320\" height=\"240\" class=\"skip-lazy fg-image\" data-src-fg=\"https:\/\/kullnat.de\/wp-content\/uploads\/cache\/2022\/06\/BK11942\/992254162.jpg\" src=\"data:image\/svg+xml,%3Csvg%20xmlns%3D%22http%3A%2F%2Fwww.w3.org%2F2000%2Fsvg%22%20width%3D%22320%22%20height%3D%22240%22%20viewBox%3D%220%200%20320%20240%22%3E%3C%2Fsvg%3E\" loading=\"eager\"><\/span><span class=\"fg-image-overlay\"><\/span><\/a><figcaption class=\"fg-caption\"><div class=\"fg-caption-inner\"><div class=\"fg-caption-desc\">Was kuttert denn da?<\/div><\/div><\/figcaption><\/figure><div class=\"fg-loader\"><\/div><\/div><div class=\"fg-item fg-type-image fg-idle\"><figure class=\"fg-item-inner\"><a href=\"https:\/\/kullnat.de\/wp-content\/uploads\/2021\/01\/MG_4538.jpg\" data-caption-desc=\"Tower Bridge\" data-attachment-id=\"623\" data-type=\"image\" class=\"fg-thumb\"><span class=\"fg-image-wrap\"><img decoding=\"async\" alt=\"Tower Bridge\" width=\"320\" height=\"240\" class=\"skip-lazy fg-image\" data-src-fg=\"https:\/\/kullnat.de\/wp-content\/uploads\/cache\/2021\/01\/MG_4538\/772036750.jpg\" src=\"data:image\/svg+xml,%3Csvg%20xmlns%3D%22http%3A%2F%2Fwww.w3.org%2F2000%2Fsvg%22%20width%3D%22320%22%20height%3D%22240%22%20viewBox%3D%220%200%20320%20240%22%3E%3C%2Fsvg%3E\" loading=\"eager\"><\/span><span class=\"fg-image-overlay\"><\/span><\/a><figcaption class=\"fg-caption\"><div class=\"fg-caption-inner\"><div class=\"fg-caption-desc\">Tower Bridge<\/div><\/div><\/figcaption><\/figure><div class=\"fg-loader\"><\/div><\/div><div class=\"fg-item fg-type-image fg-idle\"><figure class=\"fg-item-inner\"><a href=\"https:\/\/kullnat.de\/wp-content\/uploads\/2021\/08\/BK00722-scaled.jpg\" data-caption-desc=\"S\u00fcderhafen Nordstrand\" data-attachment-id=\"739\" data-type=\"image\" class=\"fg-thumb\"><span class=\"fg-image-wrap\"><img decoding=\"async\" alt=\"S\u00fcderhafen Nordstrand\" width=\"320\" height=\"240\" class=\"skip-lazy fg-image\" data-src-fg=\"https:\/\/kullnat.de\/wp-content\/uploads\/cache\/2021\/08\/BK00722-scaled\/2898492040.jpg\" src=\"data:image\/svg+xml,%3Csvg%20xmlns%3D%22http%3A%2F%2Fwww.w3.org%2F2000%2Fsvg%22%20width%3D%22320%22%20height%3D%22240%22%20viewBox%3D%220%200%20320%20240%22%3E%3C%2Fsvg%3E\" loading=\"eager\"><\/span><span class=\"fg-image-overlay\"><\/span><\/a><figcaption class=\"fg-caption\"><div class=\"fg-caption-inner\"><div class=\"fg-caption-desc\">S\u00fcderhafen Nordstrand<\/div><\/div><\/figcaption><\/figure><div class=\"fg-loader\"><\/div><\/div><div class=\"fg-item fg-type-image fg-idle\"><figure class=\"fg-item-inner\"><a href=\"https:\/\/kullnat.de\/wp-content\/uploads\/2023\/09\/BKF1420.jpg\" data-caption-desc=\"Noch ist was los...\" data-attachment-id=\"1297\" data-type=\"image\" class=\"fg-thumb\"><span class=\"fg-image-wrap\"><img decoding=\"async\" alt=\"Noch ist was los...\" width=\"320\" height=\"240\" class=\"skip-lazy fg-image\" data-src-fg=\"https:\/\/kullnat.de\/wp-content\/uploads\/cache\/2023\/09\/BKF1420\/3299075239.jpg\" src=\"data:image\/svg+xml,%3Csvg%20xmlns%3D%22http%3A%2F%2Fwww.w3.org%2F2000%2Fsvg%22%20width%3D%22320%22%20height%3D%22240%22%20viewBox%3D%220%200%20320%20240%22%3E%3C%2Fsvg%3E\" loading=\"eager\"><\/span><span class=\"fg-image-overlay\"><\/span><\/a><figcaption class=\"fg-caption\"><div class=\"fg-caption-inner\"><div class=\"fg-caption-desc\">Noch ist was los&#8230;<\/div><\/div><\/figcaption><\/figure><div class=\"fg-loader\"><\/div><\/div><div class=\"fg-item fg-type-image fg-idle\"><figure class=\"fg-item-inner\"><a href=\"https:\/\/kullnat.de\/wp-content\/uploads\/2022\/04\/KX20379.jpg\" data-caption-desc=\"Langediek\" data-attachment-id=\"884\" data-type=\"image\" class=\"fg-thumb\"><span class=\"fg-image-wrap\"><img decoding=\"async\" alt=\"Langediek\" width=\"320\" height=\"240\" class=\"skip-lazy fg-image\" data-src-fg=\"https:\/\/kullnat.de\/wp-content\/uploads\/cache\/2022\/04\/KX20379\/433211100.jpg\" src=\"data:image\/svg+xml,%3Csvg%20xmlns%3D%22http%3A%2F%2Fwww.w3.org%2F2000%2Fsvg%22%20width%3D%22320%22%20height%3D%22240%22%20viewBox%3D%220%200%20320%20240%22%3E%3C%2Fsvg%3E\" loading=\"eager\"><\/span><span class=\"fg-image-overlay\"><\/span><\/a><figcaption class=\"fg-caption\"><div class=\"fg-caption-inner\"><div class=\"fg-caption-desc\">Langediek<\/div><\/div><\/figcaption><\/figure><div class=\"fg-loader\"><\/div><\/div><div class=\"fg-item fg-type-image fg-idle\"><figure class=\"fg-item-inner\"><a href=\"https:\/\/kullnat.de\/wp-content\/uploads\/2024\/10\/MG_0787.jpg\" data-caption-desc=\"Schafe im Morgennebel\" data-attachment-id=\"1576\" data-type=\"image\" class=\"fg-thumb\"><span class=\"fg-image-wrap\"><img decoding=\"async\" alt=\"Schafe im Morgennebel\" width=\"320\" height=\"240\" class=\"skip-lazy fg-image\" data-src-fg=\"https:\/\/kullnat.de\/wp-content\/uploads\/cache\/2024\/10\/MG_0787\/3361469972.jpg\" src=\"data:image\/svg+xml,%3Csvg%20xmlns%3D%22http%3A%2F%2Fwww.w3.org%2F2000%2Fsvg%22%20width%3D%22320%22%20height%3D%22240%22%20viewBox%3D%220%200%20320%20240%22%3E%3C%2Fsvg%3E\" loading=\"eager\"><\/span><span class=\"fg-image-overlay\"><\/span><\/a><figcaption class=\"fg-caption\"><div class=\"fg-caption-inner\"><div class=\"fg-caption-desc\">Schafe im Morgennebel<\/div><\/div><\/figcaption><\/figure><div class=\"fg-loader\"><\/div><\/div><div class=\"fg-item fg-type-image fg-idle\"><figure class=\"fg-item-inner\"><a href=\"https:\/\/kullnat.de\/wp-content\/uploads\/2025\/05\/2R64911.jpg\" data-caption-desc=\"Engelm\u00fchle\" data-attachment-id=\"1734\" data-type=\"image\" class=\"fg-thumb\"><span class=\"fg-image-wrap\"><img decoding=\"async\" alt=\"Engelm\u00fchle\" width=\"320\" height=\"240\" class=\"skip-lazy fg-image\" data-src-fg=\"https:\/\/kullnat.de\/wp-content\/uploads\/cache\/2025\/05\/2R64911\/1654351414.jpg\" src=\"data:image\/svg+xml,%3Csvg%20xmlns%3D%22http%3A%2F%2Fwww.w3.org%2F2000%2Fsvg%22%20width%3D%22320%22%20height%3D%22240%22%20viewBox%3D%220%200%20320%20240%22%3E%3C%2Fsvg%3E\" loading=\"eager\"><\/span><span class=\"fg-image-overlay\"><\/span><\/a><figcaption class=\"fg-caption\"><div class=\"fg-caption-inner\"><div class=\"fg-caption-desc\">Engelm\u00fchle<\/div><\/div><\/figcaption><\/figure><div class=\"fg-loader\"><\/div><\/div><div class=\"fg-item fg-type-image fg-idle\"><figure class=\"fg-item-inner\"><a href=\"https:\/\/kullnat.de\/wp-content\/uploads\/2024\/02\/KR69229.jpg\" data-caption-desc=\"Ich steh im Nebel\" data-attachment-id=\"1411\" data-type=\"image\" class=\"fg-thumb\"><span class=\"fg-image-wrap\"><img decoding=\"async\" alt=\"Ich steh im Nebel\" width=\"320\" height=\"240\" class=\"skip-lazy fg-image\" data-src-fg=\"https:\/\/kullnat.de\/wp-content\/uploads\/cache\/2024\/02\/KR69229\/2433058310.jpg\" src=\"data:image\/svg+xml,%3Csvg%20xmlns%3D%22http%3A%2F%2Fwww.w3.org%2F2000%2Fsvg%22%20width%3D%22320%22%20height%3D%22240%22%20viewBox%3D%220%200%20320%20240%22%3E%3C%2Fsvg%3E\" loading=\"eager\"><\/span><span class=\"fg-image-overlay\"><\/span><\/a><figcaption class=\"fg-caption\"><div class=\"fg-caption-inner\"><div class=\"fg-caption-desc\">Ich steh im Nebel<\/div><\/div><\/figcaption><\/figure><div class=\"fg-loader\"><\/div><\/div><\/div>\n","protected":false},"excerpt":{"rendered":"<p>Hier sind ein paar Beispiele f\u00fcr Bilder, die sich gut als gro\u00dfformatige Drucke an Ihrer machen w\u00fcrden. Schauen Sie ruhig \u00f6fter mal vorbei f\u00fcr Updates. Sollten Sie etwas spezielles Suchen, dann sprechen Sie mich an. In meinem Archiv gibt es noch viel mehr zu entdecken und wenn das nicht reicht, dann mache ich nat\u00fcrlich auch &hellip; <\/p>\n<p class=\"link-more\"><a href=\"https:\/\/kullnat.de\/?page_id=2066\" class=\"more-link\"><span class=\"screen-reader-text\">\u201eGro\u00dfformate f\u00fcr Ihre Wand\u201c <\/span>weiterlesen<\/a><\/p>\n","protected":false},"author":1,"featured_media":0,"parent":0,"menu_order":0,"comment_status":"closed","ping_status":"closed","template":"","meta":{"footnotes":""},"class_list":["post-2066","page","type-page","status-publish","hentry"],"_links":{"self":[{"href":"https:\/\/kullnat.de\/index.php?rest_route=\/wp\/v2\/pages\/2066","targetHints":{"allow":["GET"]}}],"collection":[{"href":"https:\/\/kullnat.de\/index.php?rest_route=\/wp\/v2\/pages"}],"about":[{"href":"https:\/\/kullnat.de\/index.php?rest_route=\/wp\/v2\/types\/page"}],"author":[{"embeddable":true,"href":"https:\/\/kullnat.de\/index.php?rest_route=\/wp\/v2\/users\/1"}],"replies":[{"embeddable":true,"href":"https:\/\/kullnat.de\/index.php?rest_route=%2Fwp%2Fv2%2Fcomments&post=2066"}],"version-history":[{"count":1,"href":"https:\/\/kullnat.de\/index.php?rest_route=\/wp\/v2\/pages\/2066\/revisions"}],"predecessor-version":[{"id":2067,"href":"https:\/\/kullnat.de\/index.php?rest_route=\/wp\/v2\/pages\/2066\/revisions\/2067"}],"wp:attachment":[{"href":"https:\/\/kullnat.de\/index.php?rest_route=%2Fwp%2Fv2%2Fmedia&parent=2066"}],"curies":[{"name":"wp","href":"https:\/\/api.w.org\/{rel}","templated":true}]}}