{"id":108,"date":"2019-08-20T12:13:48","date_gmt":"2019-08-20T12:13:48","guid":{"rendered":"http:\/\/kullnat.de\/?page_id=108"},"modified":"2026-01-31T08:15:35","modified_gmt":"2026-01-31T08:15:35","slug":"leistungen","status":"publish","type":"page","link":"http:\/\/kullnat.de\/?page_id=108","title":{"rendered":"Leistungen"},"content":{"rendered":"\n<p>Ich biete Ihnen fotografische Arbeiten in den verschiedensten Bereichen der Fotografie. <\/p>\n\n\n\n<p>Meine Leistungen umfassen:<\/p>\n\n\n\n<p><a href=\"https:\/\/kullnat.de\/?page_id=1916\" data-type=\"page\" data-id=\"1916\">Architektur<\/a>, <a href=\"http:\/\/kullnat.de\/?page_id=192\">Events<\/a>, <a href=\"http:\/\/kullnat.de\/?page_id=1158\" data-type=\"page\" data-id=\"1158\">Firmenportr\u00e4ts<\/a>, <a href=\"http:\/\/kullnat.de\/?page_id=185\">Portr\u00e4ts<\/a>, <a href=\"http:\/\/kullnat.de\/?page_id=92\">Tierfotografie<\/a>, <a href=\"http:\/\/kullnat.de\/?page_id=475\" data-type=\"page\" data-id=\"475\">Pferdeportr\u00e4ts<\/a> und <a href=\"http:\/\/kullnat.de\/?page_id=196\">Werbung<\/a>.<\/p>\n\n\n\n<p>Sollten Sie privat oder gewerblich einen (oder mehrere) Blickf\u00e4nge f\u00fcr Ihre Wand suchen, so kann ich Ihnen auch Kunstwerke f\u00fcr die Wand in allen erdenklichen Formaten liefern. Gerne auch von einem Motiv Ihrer Wahl und selbstverst\u00e4ndlich auch mal ein Unikat wenn es ganz exklusiv sein soll.<\/p>\n\n\n\n<p>Ein Beispiel f\u00fcr solch einen Blickfang w\u00e4re z.B. eines meiner Bilder in <a href=\"http:\/\/kullnat.de\/?page_id=317\">Cinemascope<\/a>.<\/p>\n\n\n\n<p>Mit meinem mobilen Fotostudio komme ich auch gerne zu Ihnen und arbeite bei Ihnen vor Ort.<\/p>\n\n\n\n<p>Sollten Sie eine spezielle fotografische Arbeit ben\u00f6tigen fragen Sie mich gerne, ich helfe Ihnen weiter.<\/p>\n\n\n\n<p>Das Ganze immer mit einem k\u00fcnstlerischen Anspruch aber auch mit technischer Perfektion.<\/p>\n","protected":false},"excerpt":{"rendered":"<p>Ich biete Ihnen fotografische Arbeiten in den verschiedensten Bereichen der Fotografie. Meine Leistungen umfassen: Architektur, Events, Firmenportr\u00e4ts, Portr\u00e4ts, Tierfotografie, Pferdeportr\u00e4ts und Werbung. Sollten Sie privat oder gewerblich einen (oder mehrere) Blickf\u00e4nge f\u00fcr Ihre Wand suchen, so kann ich Ihnen auch Kunstwerke f\u00fcr die Wand in allen erdenklichen Formaten liefern. Gerne auch von einem Motiv Ihrer &hellip; <\/p>\n<p class=\"link-more\"><a href=\"http:\/\/kullnat.de\/?page_id=108\" class=\"more-link\"><span class=\"screen-reader-text\">\u201eLeistungen\u201c <\/span>weiterlesen<\/a><\/p>\n","protected":false},"author":1,"featured_media":0,"parent":0,"menu_order":0,"comment_status":"closed","ping_status":"closed","template":"","meta":{"footnotes":""},"class_list":["post-108","page","type-page","status-publish","hentry"],"_links":{"self":[{"href":"http:\/\/kullnat.de\/index.php?rest_route=\/wp\/v2\/pages\/108","targetHints":{"allow":["GET"]}}],"collection":[{"href":"http:\/\/kullnat.de\/index.php?rest_route=\/wp\/v2\/pages"}],"about":[{"href":"http:\/\/kullnat.de\/index.php?rest_route=\/wp\/v2\/types\/page"}],"author":[{"embeddable":true,"href":"http:\/\/kullnat.de\/index.php?rest_route=\/wp\/v2\/users\/1"}],"replies":[{"embeddable":true,"href":"http:\/\/kullnat.de\/index.php?rest_route=%2Fwp%2Fv2%2Fcomments&post=108"}],"version-history":[{"count":14,"href":"http:\/\/kullnat.de\/index.php?rest_route=\/wp\/v2\/pages\/108\/revisions"}],"predecessor-version":[{"id":1921,"href":"http:\/\/kullnat.de\/index.php?rest_route=\/wp\/v2\/pages\/108\/revisions\/1921"}],"wp:attachment":[{"href":"http:\/\/kullnat.de\/index.php?rest_route=%2Fwp%2Fv2%2Fmedia&parent=108"}],"curies":[{"name":"wp","href":"https:\/\/api.w.org\/{rel}","templated":true}]}}